{"id":1106,"date":"2024-08-22T21:04:04","date_gmt":"2024-08-22T21:04:04","guid":{"rendered":"https:\/\/carpeomnia.co\/?page_id=1106"},"modified":"2024-11-05T23:34:41","modified_gmt":"2024-11-05T23:34:41","slug":"blog","status":"publish","type":"page","link":"https:\/\/carpeomnia.co\/en\/blog\/","title":{"rendered":"Blog"},"content":{"rendered":"<div data-elementor-type=\"wp-page\" data-elementor-id=\"1106\" class=\"elementor elementor-1106\" data-elementor-post-type=\"page\">\n\t\t\t\t\t\t<section class=\"elementor-section elementor-top-section elementor-element elementor-element-be5b382 elementor-section-boxed elementor-section-height-default elementor-section-height-default wpr-particle-no wpr-jarallax-no wpr-parallax-no wpr-sticky-section-no\" data-id=\"be5b382\" data-element_type=\"section\" data-e-type=\"section\" data-settings=\"{&quot;background_background&quot;:&quot;classic&quot;}\">\n\t\t\t\t\t\t\t<div class=\"elementor-background-overlay\"><\/div>\n\t\t\t\t\t\t\t<div class=\"elementor-container elementor-column-gap-default\">\n\t\t\t\t\t<div class=\"elementor-column elementor-col-100 elementor-top-column elementor-element elementor-element-41c085db\" data-id=\"41c085db\" data-element_type=\"column\" data-e-type=\"column\">\n\t\t\t<div class=\"elementor-widget-wrap elementor-element-populated\">\n\t\t\t\t\t<div class=\"elementor-background-overlay\"><\/div>\n\t\t\t\t\t\t<section class=\"elementor-section elementor-inner-section elementor-element elementor-element-562b5c98 elementor-section-boxed elementor-section-height-default elementor-section-height-default wpr-particle-no wpr-jarallax-no wpr-parallax-no wpr-sticky-section-no\" data-id=\"562b5c98\" data-element_type=\"section\" data-e-type=\"section\">\n\t\t\t\t\t\t<div class=\"elementor-container elementor-column-gap-default\">\n\t\t\t\t\t<div class=\"elementor-column elementor-col-100 elementor-inner-column elementor-element elementor-element-6aa762fc\" data-id=\"6aa762fc\" data-element_type=\"column\" data-e-type=\"column\">\n\t\t\t<div class=\"elementor-widget-wrap elementor-element-populated\">\n\t\t\t\t\t\t<div class=\"elementor-element elementor-element-6d9b5929 elementor-widget elementor-widget-heading\" data-id=\"6d9b5929\" data-element_type=\"widget\" data-e-type=\"widget\" data-widget_type=\"heading.default\">\n\t\t\t\t<div class=\"elementor-widget-container\">\n\t\t\t\t\t<h1 class=\"elementor-heading-title elementor-size-default\">News and articles<\/h1>\t\t\t\t<\/div>\n\t\t\t\t<\/div>\n\t\t\t\t\t<\/div>\n\t\t<\/div>\n\t\t\t\t\t<\/div>\n\t\t<\/section>\n\t\t\t\t\t<\/div>\n\t\t<\/div>\n\t\t\t\t\t<\/div>\n\t\t<\/section>\n\t\t\t\t<section class=\"elementor-section elementor-top-section elementor-element elementor-element-36648b68 elementor-section-boxed elementor-section-height-default elementor-section-height-default wpr-particle-no wpr-jarallax-no wpr-parallax-no wpr-sticky-section-no\" data-id=\"36648b68\" data-element_type=\"section\" data-e-type=\"section\">\n\t\t\t\t\t\t<div class=\"elementor-container elementor-column-gap-default\">\n\t\t\t\t\t<div class=\"elementor-column elementor-col-50 elementor-top-column elementor-element elementor-element-83f7132\" data-id=\"83f7132\" data-element_type=\"column\" data-e-type=\"column\">\n\t\t\t<div class=\"elementor-widget-wrap elementor-element-populated\">\n\t\t\t\t\t\t<div class=\"elementor-element elementor-element-f7247a4 elementor-grid-2 elementor-grid-tablet-2 elementor-grid-mobile-1 elementor-posts--thumbnail-top elementor-widget elementor-widget-posts\" data-id=\"f7247a4\" data-element_type=\"widget\" data-e-type=\"widget\" data-settings=\"{&quot;classic_columns&quot;:&quot;2&quot;,&quot;classic_columns_tablet&quot;:&quot;2&quot;,&quot;classic_columns_mobile&quot;:&quot;1&quot;,&quot;classic_row_gap&quot;:{&quot;unit&quot;:&quot;px&quot;,&quot;size&quot;:35,&quot;sizes&quot;:[]},&quot;classic_row_gap_tablet&quot;:{&quot;unit&quot;:&quot;px&quot;,&quot;size&quot;:&quot;&quot;,&quot;sizes&quot;:[]},&quot;classic_row_gap_mobile&quot;:{&quot;unit&quot;:&quot;px&quot;,&quot;size&quot;:&quot;&quot;,&quot;sizes&quot;:[]}}\" data-widget_type=\"posts.classic\">\n\t\t\t\t<div class=\"elementor-widget-container\">\n\t\t\t\t\t\t\t<div class=\"elementor-posts-container elementor-posts elementor-posts--skin-classic elementor-grid\" role=\"list\">\n\t\t\t\t<article class=\"elementor-post elementor-grid-item post-1398 post type-post status-publish format-standard has-post-thumbnail hentry category-comportamento\" role=\"listitem\">\n\t\t\t\t<a class=\"elementor-post__thumbnail__link\" href=\"https:\/\/carpeomnia.co\/en\/5-ways-to-speak-with-intention-and-reflection-and-with-fewer-regrets\/\" tabindex=\"-1\" >\n\t\t\t<div class=\"elementor-post__thumbnail\"><img fetchpriority=\"high\" decoding=\"async\" width=\"300\" height=\"216\" src=\"https:\/\/carpeomnia.co\/wp-content\/uploads\/2024\/11\/pexels-jopwell-2422290-300x216.jpg\" class=\"attachment-medium size-medium wp-image-1399\" alt=\"\" srcset=\"https:\/\/carpeomnia.co\/wp-content\/uploads\/2024\/11\/pexels-jopwell-2422290-300x216.jpg 300w, https:\/\/carpeomnia.co\/wp-content\/uploads\/2024\/11\/pexels-jopwell-2422290-1024x737.jpg 1024w, https:\/\/carpeomnia.co\/wp-content\/uploads\/2024\/11\/pexels-jopwell-2422290-768x553.jpg 768w, https:\/\/carpeomnia.co\/wp-content\/uploads\/2024\/11\/pexels-jopwell-2422290.jpg 1200w\" sizes=\"(max-width: 300px) 100vw, 300px\" \/><\/div>\n\t\t<\/a>\n\t\t\t\t<div class=\"elementor-post__text\">\n\t\t\t\t<h3 class=\"elementor-post__title\">\n\t\t\t<a href=\"https:\/\/carpeomnia.co\/en\/5-ways-to-speak-with-intention-and-reflection-and-with-fewer-regrets\/\" >\n\t\t\t\t5 Ways to Speak with Intent and Reflection (and Fewer Regrets)!\t\t\t<\/a>\n\t\t<\/h3>\n\t\t\t\t<div class=\"elementor-post__excerpt\">\n\t\t\t<p>Have you ever left a conversation or meeting thinking... \u201cWhy did I say that?\u201d or \u201cI should have said something different\u201d? Or \u201cmaybe I should have kept quiet,\u201d feeling frustrated?<\/p>\n\t\t<\/div>\n\t\t\n\t\t<a class=\"elementor-post__read-more\" href=\"https:\/\/carpeomnia.co\/en\/5-ways-to-speak-with-intention-and-reflection-and-with-fewer-regrets\/\" aria-label=\"Read more about 5 Maneiras de Falar com Inten\u00e7\u00e3o e Reflex\u00e3o (e com Menos Arrependimentos)!\" tabindex=\"-1\" >\n\t\t\tRead more \u00bb\t\t<\/a>\n\n\t\t\t\t<\/div>\n\t\t\t\t<\/article>\n\t\t\t\t<article class=\"elementor-post elementor-grid-item post-1383 post type-post status-publish format-standard has-post-thumbnail hentry category-comportamento\" role=\"listitem\">\n\t\t\t\t<a class=\"elementor-post__thumbnail__link\" href=\"https:\/\/carpeomnia.co\/en\/7-habits-of-high-performance-in-career-and-life\/\" tabindex=\"-1\" >\n\t\t\t<div class=\"elementor-post__thumbnail\"><img decoding=\"async\" width=\"300\" height=\"200\" src=\"https:\/\/carpeomnia.co\/wp-content\/uploads\/2024\/11\/pexels-fauxels-3184306-300x200.jpg\" class=\"attachment-medium size-medium wp-image-1384\" alt=\"\" srcset=\"https:\/\/carpeomnia.co\/wp-content\/uploads\/2024\/11\/pexels-fauxels-3184306-300x200.jpg 300w, https:\/\/carpeomnia.co\/wp-content\/uploads\/2024\/11\/pexels-fauxels-3184306-1024x683.jpg 1024w, https:\/\/carpeomnia.co\/wp-content\/uploads\/2024\/11\/pexels-fauxels-3184306-768x512.jpg 768w, https:\/\/carpeomnia.co\/wp-content\/uploads\/2024\/11\/pexels-fauxels-3184306.jpg 1200w\" sizes=\"(max-width: 300px) 100vw, 300px\" \/><\/div>\n\t\t<\/a>\n\t\t\t\t<div class=\"elementor-post__text\">\n\t\t\t\t<h3 class=\"elementor-post__title\">\n\t\t\t<a href=\"https:\/\/carpeomnia.co\/en\/7-habits-of-high-performance-in-career-and-life\/\" >\n\t\t\t\t7 High-Performance Habits for Your Career and Life!\t\t\t<\/a>\n\t\t<\/h3>\n\t\t\t\t<div class=\"elementor-post__excerpt\">\n\t\t\t<p>Do you usually start each day with energy, focus, and purpose? Imagine overcoming challenges with determination and achieving your goals without feeling overwhelmed. Being a high-performing person, both<\/p>\n\t\t<\/div>\n\t\t\n\t\t<a class=\"elementor-post__read-more\" href=\"https:\/\/carpeomnia.co\/en\/7-habits-of-high-performance-in-career-and-life\/\" aria-label=\"Read more about 7 H\u00e1bitos de Alta Performance na Carreira e na Vida !\" tabindex=\"-1\" >\n\t\t\tRead more \u00bb\t\t<\/a>\n\n\t\t\t\t<\/div>\n\t\t\t\t<\/article>\n\t\t\t\t<article class=\"elementor-post elementor-grid-item post-1370 post type-post status-publish format-standard has-post-thumbnail hentry category-comportamento\" role=\"listitem\">\n\t\t\t\t<a class=\"elementor-post__thumbnail__link\" href=\"https:\/\/carpeomnia.co\/en\/9-time-thieves-that-could-be-blocking-your-development\/\" tabindex=\"-1\" >\n\t\t\t<div class=\"elementor-post__thumbnail\"><img decoding=\"async\" width=\"300\" height=\"200\" src=\"https:\/\/carpeomnia.co\/wp-content\/uploads\/2024\/11\/pexels-cottonbro-9063388-300x200.jpg\" class=\"attachment-medium size-medium wp-image-1371\" alt=\"\" srcset=\"https:\/\/carpeomnia.co\/wp-content\/uploads\/2024\/11\/pexels-cottonbro-9063388-300x200.jpg 300w, https:\/\/carpeomnia.co\/wp-content\/uploads\/2024\/11\/pexels-cottonbro-9063388-1024x683.jpg 1024w, https:\/\/carpeomnia.co\/wp-content\/uploads\/2024\/11\/pexels-cottonbro-9063388-768x512.jpg 768w, https:\/\/carpeomnia.co\/wp-content\/uploads\/2024\/11\/pexels-cottonbro-9063388.jpg 1200w\" sizes=\"(max-width: 300px) 100vw, 300px\" \/><\/div>\n\t\t<\/a>\n\t\t\t\t<div class=\"elementor-post__text\">\n\t\t\t\t<h3 class=\"elementor-post__title\">\n\t\t\t<a href=\"https:\/\/carpeomnia.co\/en\/9-time-thieves-that-could-be-blocking-your-development\/\" >\n\t\t\t\t9 Time Thieves That May Be Blocking Your Development!\t\t\t<\/a>\n\t\t<\/h3>\n\t\t\t\t<div class=\"elementor-post__excerpt\">\n\t\t\t<p>Time is our most precious resource, but it's easy to let it slip away without realizing it. There are habits that consume not only our minutes, but also our energy and focus. Want to<\/p>\n\t\t<\/div>\n\t\t\n\t\t<a class=\"elementor-post__read-more\" href=\"https:\/\/carpeomnia.co\/en\/9-time-thieves-that-could-be-blocking-your-development\/\" aria-label=\"Read more about 9 Ladr\u00f5es de Tempo que Podem Estar Bloqueando seu Desenvolvimento!\" tabindex=\"-1\" >\n\t\t\tRead more \u00bb\t\t<\/a>\n\n\t\t\t\t<\/div>\n\t\t\t\t<\/article>\n\t\t\t\t<article class=\"elementor-post elementor-grid-item post-1338 post type-post status-publish format-standard has-post-thumbnail hentry category-comportamento\" role=\"listitem\">\n\t\t\t\t<a class=\"elementor-post__thumbnail__link\" href=\"https:\/\/carpeomnia.co\/en\/a-guide-to-deciding-if-its-time-to-look-for-a-new-job\/\" tabindex=\"-1\" >\n\t\t\t<div class=\"elementor-post__thumbnail\"><img loading=\"lazy\" decoding=\"async\" width=\"300\" height=\"200\" src=\"https:\/\/carpeomnia.co\/wp-content\/uploads\/2024\/11\/pexels-olly-3807738-300x200.jpg\" class=\"attachment-medium size-medium wp-image-1342\" alt=\"\" srcset=\"https:\/\/carpeomnia.co\/wp-content\/uploads\/2024\/11\/pexels-olly-3807738-300x200.jpg 300w, https:\/\/carpeomnia.co\/wp-content\/uploads\/2024\/11\/pexels-olly-3807738-1024x683.jpg 1024w, https:\/\/carpeomnia.co\/wp-content\/uploads\/2024\/11\/pexels-olly-3807738-768x512.jpg 768w, https:\/\/carpeomnia.co\/wp-content\/uploads\/2024\/11\/pexels-olly-3807738.jpg 1200w\" sizes=\"(max-width: 300px) 100vw, 300px\" \/><\/div>\n\t\t<\/a>\n\t\t\t\t<div class=\"elementor-post__text\">\n\t\t\t\t<h3 class=\"elementor-post__title\">\n\t\t\t<a href=\"https:\/\/carpeomnia.co\/en\/a-guide-to-deciding-if-its-time-to-look-for-a-new-job\/\" >\n\t\t\t\tA Guide to Deciding Whether It's Time to Look for a New Job\t\t\t<\/a>\n\t\t<\/h3>\n\t\t\t\t<div class=\"elementor-post__excerpt\">\n\t\t\t<p>7 things to consider before making a decision! Many people go through periods when they feel stuck in their careers and start to wonder if it's time to<\/p>\n\t\t<\/div>\n\t\t\n\t\t<a class=\"elementor-post__read-more\" href=\"https:\/\/carpeomnia.co\/en\/a-guide-to-deciding-if-its-time-to-look-for-a-new-job\/\" aria-label=\"Read more about Um Guia para Decidir se \u00e9 Hora de Procurar um Novo Emprego\" tabindex=\"-1\" >\n\t\t\tRead more \u00bb\t\t<\/a>\n\n\t\t\t\t<\/div>\n\t\t\t\t<\/article>\n\t\t\t\t<article class=\"elementor-post elementor-grid-item post-1324 post type-post status-publish format-standard has-post-thumbnail hentry category-comportamento\" role=\"listitem\">\n\t\t\t\t<a class=\"elementor-post__thumbnail__link\" href=\"https:\/\/carpeomnia.co\/en\/being-kind-can-mess-up-your-life\/\" tabindex=\"-1\" >\n\t\t\t<div class=\"elementor-post__thumbnail\"><img loading=\"lazy\" decoding=\"async\" width=\"300\" height=\"200\" src=\"https:\/\/carpeomnia.co\/wp-content\/uploads\/2024\/05\/group-of-people-during-the-psychological-therapy-indoors-3-300x200.jpg\" class=\"attachment-medium size-medium wp-image-202\" alt=\"\" srcset=\"https:\/\/carpeomnia.co\/wp-content\/uploads\/2024\/05\/group-of-people-during-the-psychological-therapy-indoors-3-300x200.jpg 300w, https:\/\/carpeomnia.co\/wp-content\/uploads\/2024\/05\/group-of-people-during-the-psychological-therapy-indoors-3-1024x683.jpg 1024w, https:\/\/carpeomnia.co\/wp-content\/uploads\/2024\/05\/group-of-people-during-the-psychological-therapy-indoors-3-768x512.jpg 768w, https:\/\/carpeomnia.co\/wp-content\/uploads\/2024\/05\/group-of-people-during-the-psychological-therapy-indoors-3.jpg 1200w\" sizes=\"(max-width: 300px) 100vw, 300px\" \/><\/div>\n\t\t<\/a>\n\t\t\t\t<div class=\"elementor-post__text\">\n\t\t\t\t<h3 class=\"elementor-post__title\">\n\t\t\t<a href=\"https:\/\/carpeomnia.co\/en\/being-kind-can-mess-up-your-life\/\" >\n\t\t\t\tCAN BEING KIND GET IN THE WAY OF YOUR LIFE?\t\t\t<\/a>\n\t\t<\/h3>\n\t\t\t\t<div class=\"elementor-post__excerpt\">\n\t\t\t<p>Have you heard that kindness is a virtue, and that being kind will bring you benefits, success, and fulfillment? Well, I'm here to tell you that there are risks.<\/p>\n\t\t<\/div>\n\t\t\n\t\t<a class=\"elementor-post__read-more\" href=\"https:\/\/carpeomnia.co\/en\/being-kind-can-mess-up-your-life\/\" aria-label=\"Read more about SER GENTIL PODE ATRAPALHAR SUA VIDA?\" tabindex=\"-1\" >\n\t\t\tRead more \u00bb\t\t<\/a>\n\n\t\t\t\t<\/div>\n\t\t\t\t<\/article>\n\t\t\t\t<\/div>\n\t\t\n\t\t\t\t\t\t<\/div>\n\t\t\t\t<\/div>\n\t\t\t\t\t<\/div>\n\t\t<\/div>\n\t\t\t\t<div class=\"elementor-column elementor-col-50 elementor-top-column elementor-element elementor-element-265f6c89\" data-id=\"265f6c89\" data-element_type=\"column\" data-e-type=\"column\">\n\t\t\t<div class=\"elementor-widget-wrap elementor-element-populated\">\n\t\t\t\t\t\t<div class=\"elementor-element elementor-element-49be3417 elementor-search-form--skin-classic elementor-search-form--button-type-icon elementor-search-form--icon-search elementor-widget elementor-widget-search-form\" data-id=\"49be3417\" data-element_type=\"widget\" data-e-type=\"widget\" data-settings=\"{&quot;skin&quot;:&quot;classic&quot;}\" data-widget_type=\"search-form.default\">\n\t\t\t\t<div class=\"elementor-widget-container\">\n\t\t\t\t\t\t\t<search role=\"search\">\n\t\t\t<form class=\"elementor-search-form\" action=\"https:\/\/carpeomnia.co\/en\" method=\"get\" data-trp-original-action=\"https:\/\/carpeomnia.co\/en\">\n\t\t\t\t\t\t\t\t\t\t\t\t<div class=\"elementor-search-form__container\">\n\t\t\t\t\t<label class=\"elementor-screen-only\" for=\"elementor-search-form-49be3417\">Search<\/label>\n\n\t\t\t\t\t\n\t\t\t\t\t<input id=\"elementor-search-form-49be3417\" placeholder=\"Search for content...\" class=\"elementor-search-form__input\" type=\"search\" name=\"s\" value=\"\">\n\t\t\t\t\t\n\t\t\t\t\t\t\t\t\t\t\t<button class=\"elementor-search-form__submit\" type=\"submit\" aria-label=\"Search\">\n\t\t\t\t\t\t\t\t\t\t\t\t\t\t\t<div class=\"e-font-icon-svg-container\"><svg class=\"fa fa-search e-font-icon-svg e-fas-search\" viewbox=\"0 0 512 512\" xmlns=\"http:\/\/www.w3.org\/2000\/svg\"><path d=\"M505 442.7L405.3 343c-4.5-4.5-10.6-7-17-7H372c27.6-35.3 44-79.7 44-128C416 93.1 322.9 0 208 0S0 93.1 0 208s93.1 208 208 208c48.3 0 92.7-16.4 128-44v16.3c0 6.4 2.5 12.5 7 17l99.7 99.7c9.4 9.4 24.6 9.4 33.9 0l28.3-28.3c9.4-9.4 9.4-24.6.1-34zM208 336c-70.7 0-128-57.2-128-128 0-70.7 57.2-128 128-128 70.7 0 128 57.2 128 128 0 70.7-57.2 128-128 128z\"><\/path><\/svg><\/div>\t\t\t\t\t\t\t\t\t\t\t\t\t<\/button>\n\t\t\t\t\t\n\t\t\t\t\t\t\t\t\t<\/div>\n\t\t\t<input type=\"hidden\" name=\"trp-form-language\" value=\"en\"\/><\/form>\n\t\t<\/search>\n\t\t\t\t\t\t<\/div>\n\t\t\t\t<\/div>\n\t\t\t\t<section class=\"elementor-section elementor-inner-section elementor-element elementor-element-911ecdd elementor-section-boxed elementor-section-height-default elementor-section-height-default wpr-particle-no wpr-jarallax-no wpr-parallax-no wpr-sticky-section-no\" data-id=\"911ecdd\" data-element_type=\"section\" data-e-type=\"section\" data-settings=\"{&quot;background_background&quot;:&quot;classic&quot;}\">\n\t\t\t\t\t\t<div class=\"elementor-container elementor-column-gap-default\">\n\t\t\t\t\t<div class=\"elementor-column elementor-col-100 elementor-inner-column elementor-element elementor-element-45ffc2f\" data-id=\"45ffc2f\" data-element_type=\"column\" data-e-type=\"column\" data-settings=\"{&quot;background_background&quot;:&quot;classic&quot;}\">\n\t\t\t<div class=\"elementor-widget-wrap elementor-element-populated\">\n\t\t\t\t\t\t<div class=\"elementor-element elementor-element-53674d0 elementor-widget elementor-widget-heading\" data-id=\"53674d0\" data-element_type=\"widget\" data-e-type=\"widget\" data-widget_type=\"heading.default\">\n\t\t\t\t<div class=\"elementor-widget-container\">\n\t\t\t\t\t<h4 class=\"elementor-heading-title elementor-size-default\">Latest posts<\/h4>\t\t\t\t<\/div>\n\t\t\t\t<\/div>\n\t\t\t\t<div class=\"elementor-element elementor-element-3396804 elementor-widget-divider--view-line elementor-widget elementor-widget-divider\" data-id=\"3396804\" data-element_type=\"widget\" data-e-type=\"widget\" data-widget_type=\"divider.default\">\n\t\t\t\t<div class=\"elementor-widget-container\">\n\t\t\t\t\t\t\t<div class=\"elementor-divider\">\n\t\t\t<span class=\"elementor-divider-separator\">\n\t\t\t\t\t\t<\/span>\n\t\t<\/div>\n\t\t\t\t\t\t<\/div>\n\t\t\t\t<\/div>\n\t\t\t\t<div class=\"elementor-element elementor-element-8a040dd elementor-grid-1 elementor-grid-tablet-2 elementor-grid-mobile-1 elementor-posts--thumbnail-top elementor-widget elementor-widget-posts\" data-id=\"8a040dd\" data-element_type=\"widget\" data-e-type=\"widget\" data-settings=\"{&quot;classic_columns&quot;:&quot;1&quot;,&quot;classic_columns_tablet&quot;:&quot;2&quot;,&quot;classic_columns_mobile&quot;:&quot;1&quot;,&quot;classic_row_gap&quot;:{&quot;unit&quot;:&quot;px&quot;,&quot;size&quot;:35,&quot;sizes&quot;:[]},&quot;classic_row_gap_tablet&quot;:{&quot;unit&quot;:&quot;px&quot;,&quot;size&quot;:&quot;&quot;,&quot;sizes&quot;:[]},&quot;classic_row_gap_mobile&quot;:{&quot;unit&quot;:&quot;px&quot;,&quot;size&quot;:&quot;&quot;,&quot;sizes&quot;:[]}}\" data-widget_type=\"posts.classic\">\n\t\t\t\t<div class=\"elementor-widget-container\">\n\t\t\t\t\t\t\t<div class=\"elementor-posts-container elementor-posts elementor-posts--skin-classic elementor-grid\" role=\"list\">\n\t\t\t\t<article class=\"elementor-post elementor-grid-item post-1398 post type-post status-publish format-standard has-post-thumbnail hentry category-comportamento\" role=\"listitem\">\n\t\t\t\t<a class=\"elementor-post__thumbnail__link\" href=\"https:\/\/carpeomnia.co\/en\/5-ways-to-speak-with-intention-and-reflection-and-with-fewer-regrets\/\" tabindex=\"-1\" >\n\t\t\t<div class=\"elementor-post__thumbnail\"><img fetchpriority=\"high\" decoding=\"async\" width=\"300\" height=\"216\" src=\"https:\/\/carpeomnia.co\/wp-content\/uploads\/2024\/11\/pexels-jopwell-2422290-300x216.jpg\" class=\"attachment-medium size-medium wp-image-1399\" alt=\"\" srcset=\"https:\/\/carpeomnia.co\/wp-content\/uploads\/2024\/11\/pexels-jopwell-2422290-300x216.jpg 300w, https:\/\/carpeomnia.co\/wp-content\/uploads\/2024\/11\/pexels-jopwell-2422290-1024x737.jpg 1024w, https:\/\/carpeomnia.co\/wp-content\/uploads\/2024\/11\/pexels-jopwell-2422290-768x553.jpg 768w, https:\/\/carpeomnia.co\/wp-content\/uploads\/2024\/11\/pexels-jopwell-2422290.jpg 1200w\" sizes=\"(max-width: 300px) 100vw, 300px\" \/><\/div>\n\t\t<\/a>\n\t\t\t\t<div class=\"elementor-post__text\">\n\t\t\t\t<h3 class=\"elementor-post__title\">\n\t\t\t<a href=\"https:\/\/carpeomnia.co\/en\/5-ways-to-speak-with-intention-and-reflection-and-with-fewer-regrets\/\" >\n\t\t\t\t5 Ways to Speak with Intent and Reflection (and Fewer Regrets)!\t\t\t<\/a>\n\t\t<\/h3>\n\t\t\n\t\t<a class=\"elementor-post__read-more\" href=\"https:\/\/carpeomnia.co\/en\/5-ways-to-speak-with-intention-and-reflection-and-with-fewer-regrets\/\" aria-label=\"Read more about 5 Maneiras de Falar com Inten\u00e7\u00e3o e Reflex\u00e3o (e com Menos Arrependimentos)!\" tabindex=\"-1\" >\n\t\t\tRead more \u00bb\t\t<\/a>\n\n\t\t\t\t<\/div>\n\t\t\t\t<\/article>\n\t\t\t\t<article class=\"elementor-post elementor-grid-item post-1383 post type-post status-publish format-standard has-post-thumbnail hentry category-comportamento\" role=\"listitem\">\n\t\t\t\t<a class=\"elementor-post__thumbnail__link\" href=\"https:\/\/carpeomnia.co\/en\/7-habits-of-high-performance-in-career-and-life\/\" tabindex=\"-1\" >\n\t\t\t<div class=\"elementor-post__thumbnail\"><img decoding=\"async\" width=\"300\" height=\"200\" src=\"https:\/\/carpeomnia.co\/wp-content\/uploads\/2024\/11\/pexels-fauxels-3184306-300x200.jpg\" class=\"attachment-medium size-medium wp-image-1384\" alt=\"\" srcset=\"https:\/\/carpeomnia.co\/wp-content\/uploads\/2024\/11\/pexels-fauxels-3184306-300x200.jpg 300w, https:\/\/carpeomnia.co\/wp-content\/uploads\/2024\/11\/pexels-fauxels-3184306-1024x683.jpg 1024w, https:\/\/carpeomnia.co\/wp-content\/uploads\/2024\/11\/pexels-fauxels-3184306-768x512.jpg 768w, https:\/\/carpeomnia.co\/wp-content\/uploads\/2024\/11\/pexels-fauxels-3184306.jpg 1200w\" sizes=\"(max-width: 300px) 100vw, 300px\" \/><\/div>\n\t\t<\/a>\n\t\t\t\t<div class=\"elementor-post__text\">\n\t\t\t\t<h3 class=\"elementor-post__title\">\n\t\t\t<a href=\"https:\/\/carpeomnia.co\/en\/7-habits-of-high-performance-in-career-and-life\/\" >\n\t\t\t\t7 High-Performance Habits for Your Career and Life!\t\t\t<\/a>\n\t\t<\/h3>\n\t\t\n\t\t<a class=\"elementor-post__read-more\" href=\"https:\/\/carpeomnia.co\/en\/7-habits-of-high-performance-in-career-and-life\/\" aria-label=\"Read more about 7 H\u00e1bitos de Alta Performance na Carreira e na Vida !\" tabindex=\"-1\" >\n\t\t\tRead more \u00bb\t\t<\/a>\n\n\t\t\t\t<\/div>\n\t\t\t\t<\/article>\n\t\t\t\t<\/div>\n\t\t\n\t\t\t\t\t\t<\/div>\n\t\t\t\t<\/div>\n\t\t\t\t\t<\/div>\n\t\t<\/div>\n\t\t\t\t\t<\/div>\n\t\t<\/section>\n\t\t\t\t\t<\/div>\n\t\t<\/div>\n\t\t\t\t\t<\/div>\n\t\t<\/section>\n\t\t\t\t<\/div>","protected":false},"excerpt":{"rendered":"<p>Not\u00edcias e artigos \u00daltimos posts<\/p>","protected":false},"author":1,"featured_media":0,"parent":0,"menu_order":0,"comment_status":"closed","ping_status":"closed","template":"","meta":{"footnotes":""},"class_list":["post-1106","page","type-page","status-publish","hentry"],"_links":{"self":[{"href":"https:\/\/carpeomnia.co\/en\/wp-json\/wp\/v2\/pages\/1106","targetHints":{"allow":["GET"]}}],"collection":[{"href":"https:\/\/carpeomnia.co\/en\/wp-json\/wp\/v2\/pages"}],"about":[{"href":"https:\/\/carpeomnia.co\/en\/wp-json\/wp\/v2\/types\/page"}],"author":[{"embeddable":true,"href":"https:\/\/carpeomnia.co\/en\/wp-json\/wp\/v2\/users\/1"}],"replies":[{"embeddable":true,"href":"https:\/\/carpeomnia.co\/en\/wp-json\/wp\/v2\/comments?post=1106"}],"version-history":[{"count":46,"href":"https:\/\/carpeomnia.co\/en\/wp-json\/wp\/v2\/pages\/1106\/revisions"}],"predecessor-version":[{"id":1353,"href":"https:\/\/carpeomnia.co\/en\/wp-json\/wp\/v2\/pages\/1106\/revisions\/1353"}],"wp:attachment":[{"href":"https:\/\/carpeomnia.co\/en\/wp-json\/wp\/v2\/media?parent=1106"}],"curies":[{"name":"wp","href":"https:\/\/api.w.org\/{rel}","templated":true}]}}