{"id":1429,"date":"2025-05-02T12:51:47","date_gmt":"2025-05-02T12:51:47","guid":{"rendered":"https:\/\/carpeomnia.co\/?page_id=1429"},"modified":"2025-05-02T12:52:32","modified_gmt":"2025-05-02T12:52:32","slug":"privacy-policies","status":"publish","type":"page","link":"https:\/\/carpeomnia.co\/en\/privacy-policies\/","title":{"rendered":"Pol\u00edticas de Privacidade"},"content":{"rendered":"<div data-elementor-type=\"wp-page\" data-elementor-id=\"1429\" class=\"elementor elementor-1429\" data-elementor-post-type=\"page\">\n\t\t\t\t<div class=\"elementor-element elementor-element-725a25d e-flex e-con-boxed wpr-particle-no wpr-jarallax-no wpr-parallax-no wpr-sticky-section-no e-con e-parent\" data-id=\"725a25d\" data-element_type=\"container\" data-e-type=\"container\">\n\t\t\t\t\t<div class=\"e-con-inner\">\n\t\t\t\t<div class=\"elementor-element elementor-element-0068e3e elementor-widget elementor-widget-text-editor\" data-id=\"0068e3e\" data-element_type=\"widget\" data-e-type=\"widget\" data-widget_type=\"text-editor.default\">\n\t\t\t\t<div class=\"elementor-widget-container\">\n\t\t\t\t\t\t\t\t\t<h2><span style=\"color: #444444;\">Privacy Policy<\/span><\/h2><p><span style=\"color: #444444;\">Your privacy is important to us. It is Carpe Omnia's policy to respect your privacy regarding any information we may collect from you across our website <a href=\"https:\/\/carpeomnia.co\/\">Carpe Omnia<\/a>, and other sites that we own and operate.<\/span><\/p><p><span style=\"color: #444444;\">We only ask for personal information when we really need it to provide you with a service. We do this by fair and lawful means, with your knowledge and consent. We also tell you why we are collecting it and how it will be used.<\/span><\/p><p><span style=\"color: #444444;\">We only retain the information collected for as long as necessary to provide the requested service. When we store data, we protect it within commercially acceptable means to prevent loss and theft, as well as unauthorized access, disclosure, copying, use or modification.<\/span><\/p><p><span style=\"color: #444444;\">We do not share personally identifiable information publicly or with third parties, except as required by law.<\/span><\/p><p><span style=\"color: #444444;\">Our website may contain links to external websites that are not operated by us. Please be aware that we have no control over the content and practices of these sites and cannot accept responsibility for their respective\u00a0<\/span><a style=\"background-color: transparent; color: #444444;\" href=\"https:\/\/politicaprivacidade.com\/\" target=\"_blank\" rel=\"noopener noreferrer\">privacy policies<\/a><span style=\"color: #444444;\">.<\/span><\/p><p><span style=\"color: #444444;\">You are free to refuse our request for personal information on the understanding that we may not be able to provide some of the services you require.<\/span><\/p><p><span style=\"color: #444444;\">Your continued use of our website will be deemed acceptance of our practices around privacy and personal information. If you have any questions about how we handle user data and personal information, please contact us.<\/span><\/p><p>\u00a0<\/p><ul><li><span style=\"color: #444444;\">The Google AdSense service we use to serve advertising uses a DoubleClick cookie to serve more relevant ads across the web and limit the number of times a particular ad is shown to you.<\/span><\/li><li><span style=\"color: #444444;\">For more information about Google AdSense, see the official Google AdSense privacy FAQs.<\/span><\/li><li><span style=\"color: #444444;\">We use advertisements to offset the costs of running this site and to provide funding for future developments. The behavioral advertising cookies used by this site are designed to ensure that you provide the most relevant advertisements whenever possible by anonymously tracking your interests and presenting similar things that may be of interest to you.<\/span><\/li><li><span style=\"color: #444444;\">Various partners advertise on our behalf and affiliate tracking cookies simply allow us to see if our customers have accessed the site via one of our partners' sites, so that we can credit them appropriately and, where applicable, allow our affiliate partners to offer any promotions that may provide you with the opportunity to make a purchase.<\/span><\/li><\/ul><p>\u00a0<\/p><p>\u00a0<\/p><h3><span style=\"color: #444444;\">User commitment<\/span><\/h3><p><span style=\"color: #444444;\">The user undertakes to make appropriate use of the content and information that Carpe Omnia offers on the website, and this is by way of example but not limited to:<\/span><\/p><ul><li><span style=\"color: #444444;\">A) Do not engage in activities that are illegal or contrary to good faith or public order;<\/span><\/li><li><span style=\"color: #444444;\">B) Do not disseminate propaganda or content of a racist, xenophobic nature, games of chance or gambling, any type of illegal pornography, advocacy of terrorism or against human rights;<\/span><\/li><li><span style=\"color: #444444;\">C) Not to cause damage to the physical (hardware) and logical (software) systems of Carpe Omnia, its suppliers or third parties, to introduce or disseminate computer viruses or any other hardware or software systems that are capable of causing the aforementioned damage.<\/span><\/li><\/ul><h3><span style=\"color: #444444;\">More information<\/span><\/h3><p><span style=\"color: #444444;\">Hopefully that's cleared up and, as mentioned earlier, if there's something you're not sure whether you need or not, it's generally safer to leave cookies enabled if you interact with one of the features you use on our site.<\/span><\/p><p><span style=\"color: #444444;\">This policy is effective from 2 May 2025 12:50<\/span><\/p><p>About the Privacy Policy and Terms of Use<\/p><p>What is a Privacy Policy?<br \/>A privacy policy is a document that explains how a website handles all the information collected from its users and\/or customers. It is good practice to tell users how websites store and make use of this data.<\/p><p>The Importance of a Privacy Policy<br \/>Privacy policies may be required by law, depending on where you operate. In any case, it's good practice to have a data protection privacy policy, especially if you collect any kind of private data from your users (e.g. cookie data, payment details, address and phone number). In addition, you may need a privacy policy to use Google AdSense, APIs and third-party services such as Instagram or to list your app on a commercial marketplace such as Google Play. If your website involves users in the European Economic Area, you may be required to publish a GDPR-compliant privacy policy.<\/p><p>What are Terms of Use?<br \/>Technically, you don't need a terms of service statement. It is not required by law, but it is generally advisable to include such terms on your site to cover the expectations and agreements between you and your users.<\/p><p>Some companies may even ask you to provide one before you can enter into a relationship with them. Most of the time, website owners and users behave in a fair and reasonable manner, making their terms and conditions information redundant. However, in unusual circumstances, such as those involving abuse, theft of intellectual property or illegal behavior, explicitly stating terms and conditions can offer basic protections for you and your company, limiting your liability and clarifying your rights over content posted on the Privacy Policy and Terms of Use.<\/p><p>About Us<\/p><p>What is PoliticaPrivacidade.com?<br \/>PoliticaPrivacidade.com is a generator of privacy policies and terms of use (also known as terms and conditions) in Portuguese (Portugal and Brazil) and English, completely free of charge and generated in seconds.<\/p><p>Whether for a Shopify store or a WordPress blog, we generate simple privacy policies and terms of use, ready to adapt to your needs.<\/p><p>Everything generated through PoliticaPrivacidade.com can be used without any kind of credit or link. You can freely alter the content to suit your needs.<\/p><p>PoliticaPrivacidade.com assumes no responsibility whatsoever for the use of content generated on it on third-party websites. We remind you that by generating and using the Privacy Policy and Terms of Use through our website, you do not dispense with legal advice to adapt it to your business practice.<\/p><p>Does it cost anything? How long does it take?<br \/>No. It's completely free and in less than 10 seconds you can generate a privacy policy and terms of use (terms and conditions).<\/p><p>Which sites have generated a Privacy Policy here?<br \/>Many well-known websites have used our generator to create their privacy policy. From sites about Investing in Cryptocurrencies, Today's Games, Insper, and even Universities such as the University of Minas Gerais, South American Theological College are just a few of the huge list.<\/p><p>Frequently Asked Questions<br \/>Privacy Policy | All Rights Reserved | 2011-2022 | Digital Solutions Media<\/p>\t\t\t\t\t\t\t\t<\/div>\n\t\t\t\t<\/div>\n\t\t\t\t\t<\/div>\n\t\t\t\t<\/div>\n\t\t\t\t<\/div>","protected":false},"excerpt":{"rendered":"<p>Pol\u00edtica Privacidade A sua privacidade \u00e9 importante para n\u00f3s. \u00c9 pol\u00edtica do Carpe Omnia respeitar a sua privacidade em rela\u00e7\u00e3o a qualquer informa\u00e7\u00e3o sua que possamos coletar no site Carpe Omnia, e outros sites que possu\u00edmos e operamos. Solicitamos informa\u00e7\u00f5es pessoais apenas quando realmente precisamos delas para lhe fornecer um servi\u00e7o. Fazemo-lo por meios justos e legais, com o seu conhecimento e consentimento. Tamb\u00e9m informamos por que estamos coletando e como ser\u00e1 usado. Apenas retemos as informa\u00e7\u00f5es coletadas pelo tempo necess\u00e1rio para fornecer o servi\u00e7o solicitado. Quando armazenamos dados, protegemos dentro de meios comercialmente aceit\u00e1veis \u200b\u200bpara evitar perdas e roubos, bem como acesso, divulga\u00e7\u00e3o, c\u00f3pia, uso ou modifica\u00e7\u00e3o n\u00e3o autorizados. N\u00e3o compartilhamos informa\u00e7\u00f5es de identifica\u00e7\u00e3o pessoal publicamente ou com terceiros, exceto quando exigido por lei. O nosso site pode ter links para sites externos que n\u00e3o s\u00e3o operados por n\u00f3s. Esteja ciente de que n\u00e3o temos controle sobre o conte\u00fado e pr\u00e1ticas desses sites e n\u00e3o podemos aceitar responsabilidade por suas respectivas\u00a0pol\u00edticas de privacidade. Voc\u00ea \u00e9 livre para recusar a nossa solicita\u00e7\u00e3o de informa\u00e7\u00f5es pessoais, entendendo que talvez n\u00e3o possamos fornecer alguns dos servi\u00e7os desejados. O uso continuado de nosso site ser\u00e1 considerado como aceita\u00e7\u00e3o de nossas pr\u00e1ticas em torno de privacidade e informa\u00e7\u00f5es pessoais. Se voc\u00ea tiver alguma d\u00favida sobre como lidamos com dados do usu\u00e1rio e informa\u00e7\u00f5es pessoais, entre em contacto connosco. \u00a0 O servi\u00e7o Google AdSense que usamos para veicular publicidade usa um cookie DoubleClick para veicular an\u00fancios mais relevantes em toda a Web e limitar o n\u00famero de vezes que um determinado an\u00fancio \u00e9 exibido para voc\u00ea. Para mais informa\u00e7\u00f5es sobre o Google AdSense, consulte as FAQs oficiais sobre privacidade do Google AdSense. Utilizamos an\u00fancios para compensar os custos de funcionamento deste site e fornecer financiamento para futuros desenvolvimentos. Os cookies de publicidade comportamental usados \u200b\u200bpor este site foram projetados para garantir que voc\u00ea forne\u00e7a os an\u00fancios mais relevantes sempre que poss\u00edvel, rastreando anonimamente seus interesses e apresentando coisas semelhantes que possam ser do seu interesse. V\u00e1rios parceiros anunciam em nosso nome e os cookies de rastreamento de afiliados simplesmente nos permitem ver se nossos clientes acessaram o site atrav\u00e9s de um dos sites de nossos parceiros, para que possamos credit\u00e1-los adequadamente e, quando aplic\u00e1vel, permitir que nossos parceiros afiliados ofere\u00e7am qualquer promo\u00e7\u00e3o que pode fornec\u00ea-lo para fazer uma compra. \u00a0 \u00a0 Compromisso do Usu\u00e1rio O usu\u00e1rio se compromete a fazer uso adequado dos conte\u00fados e da informa\u00e7\u00e3o que o Carpe Omnia oferece no site e com car\u00e1ter enunciativo, mas n\u00e3o limitativo: A) N\u00e3o se envolver em atividades que sejam ilegais ou contr\u00e1rias \u00e0 boa f\u00e9 a \u00e0 ordem p\u00fablica; B) N\u00e3o difundir propaganda ou conte\u00fado de natureza racista, xenof\u00f3bica, jogos de sorte ou azar, qualquer tipo de pornografia ilegal, de apologia ao terrorismo ou contra os direitos humanos; C) N\u00e3o causar danos aos sistemas f\u00edsicos (hardwares) e l\u00f3gicos (softwares) do Carpe Omnia, de seus fornecedores ou terceiros, para introduzir ou disseminar v\u00edrus inform\u00e1ticos ou quaisquer outros sistemas de hardware ou software que sejam capazes de causar danos anteriormente mencionados. Mais informa\u00e7\u00f5es Esperemos que esteja esclarecido e, como mencionado anteriormente, se houver algo que voc\u00ea n\u00e3o tem certeza se precisa ou n\u00e3o, geralmente \u00e9 mais seguro deixar os cookies ativados, caso interaja com um dos recursos que voc\u00ea usa em nosso site. Esta pol\u00edtica \u00e9 efetiva a partir de\u00a02 May 2025 12:50 Sobre a Pol\u00edtica de Privacidade e Termos de Uso O que \u00e9 uma Pol\u00edtica de Privacidade?Uma pol\u00edtica de privacidade \u00e9 um documento que explica como um website lida com toda a informa\u00e7\u00e3o coletada dos seus utilizadores e\/ou clientes. \u00c9 uma boa pr\u00e1tica dizer aos utilizadores como os sites armazenam e fazem uso desses dados. A Import\u00e2ncia da Pol\u00edtica de PrivacidadeAs pol\u00edticas de privacidade podem ser exigidas por lei, dependendo de onde voc\u00ea opera. Em qualquer caso, \u00e9 uma boa pr\u00e1tica ter uma pol\u00edtica de privacidade de prote\u00e7\u00e3o de dados, especialmente se voc\u00ea colectar qualquer tipo de dados privados de seus usu\u00e1rios (por exemplo, dados de cookies, detalhes de pagamento, endere\u00e7o e n\u00famero de telefone). Al\u00e9m disso, voc\u00ea pode precisar de uma pol\u00edtica de privacidade para usar Google AdSense, APIs e servi\u00e7os de terceiros como o Instagram ou listar seu aplicativo em um mercado comercial como o Google Play. Se o seu site envolver usu\u00e1rios no Espa\u00e7o Econ\u00f3mico Europeu, voc\u00ea poder\u00e1 ser obrigado a publicar uma pol\u00edtica de privacidade em conformidade com o GDPR. O que s\u00e3o Termos de Uso (Termos e Condi\u00e7\u00f5es)?Tecnicamente, voc\u00ea n\u00e3o precisa de uma declara\u00e7\u00e3o de termos de servi\u00e7o. N\u00e3o \u00e9 exigido por lei, mas geralmente \u00e9 aconselh\u00e1vel incluir esses termos no seu site para cobrir as expectativas e acordos entre voc\u00ea e seus usu\u00e1rios. Algumas empresas podem at\u00e9 solicitar que voc\u00ea disponibilize uma antes que possa entrar em um relacionamento com elas. Na maioria das vezes, os propriet\u00e1rios e usu\u00e1rios do site se comportam de maneira justa e razo\u00e1vel, tornando suas informa\u00e7\u00f5es de termos e condi\u00e7\u00f5es redundantes. No entanto, em circunst\u00e2ncias incomuns, como aquelas que envolvem abuso, roubo de propriedade intelectual ou comportamento ilegal, a indica\u00e7\u00e3o expl\u00edcita dos termos e condi\u00e7\u00f5es pode oferecer prote\u00e7\u00f5es b\u00e1sicas para voc\u00ea e sua empresa, limitando sua responsabilidade e esclarecendo seus direitos sobre o conte\u00fado publicado sobre a Pol\u00edtica de Privacidade e Termos de Uso. Sobre N\u00f3s O que \u00e9 o PoliticaPrivacidade.com?PoliticaPrivacidade.com \u00e9 um gerador de pol\u00edticas de privacidade e termos de uso (tamb\u00e9m conhecido como termos e condi\u00e7\u00f5es) em lingua portuguesa (Portugal e Brasil) e inglesa totalmente gratuito e gerados em segundos. Quer seja para um loja em Shopify ou para um blog em WordPress, geramos simples pol\u00edticas de privacidade e termos de uso, prontos a adaptar para as suas necessidade. Tudo o que \u00e9 gerado atrav\u00e9s do PoliticaPrivacidade.com pode ser usado sem qualquer tipo de cr\u00e9dito ou liga\u00e7\u00e3o. Altere livremente o conte\u00fado adaptando \u00e0 sua necessidade. O PoliticaPrivacidade.com n\u00e3o assume qualquer tipo responsabilidade do uso do conte\u00fado nele gerado em website de terceiros. Relembramos que ao gerar e usar a Pol\u00edtica de Privacidade e os Termos de Uso atrav\u00e9s do nosso site,<\/p>","protected":false},"author":3,"featured_media":0,"parent":0,"menu_order":0,"comment_status":"closed","ping_status":"closed","template":"elementor_header_footer","meta":{"footnotes":""},"class_list":["post-1429","page","type-page","status-publish","hentry"],"_links":{"self":[{"href":"https:\/\/carpeomnia.co\/en\/wp-json\/wp\/v2\/pages\/1429","targetHints":{"allow":["GET"]}}],"collection":[{"href":"https:\/\/carpeomnia.co\/en\/wp-json\/wp\/v2\/pages"}],"about":[{"href":"https:\/\/carpeomnia.co\/en\/wp-json\/wp\/v2\/types\/page"}],"author":[{"embeddable":true,"href":"https:\/\/carpeomnia.co\/en\/wp-json\/wp\/v2\/users\/3"}],"replies":[{"embeddable":true,"href":"https:\/\/carpeomnia.co\/en\/wp-json\/wp\/v2\/comments?post=1429"}],"version-history":[{"count":3,"href":"https:\/\/carpeomnia.co\/en\/wp-json\/wp\/v2\/pages\/1429\/revisions"}],"predecessor-version":[{"id":1432,"href":"https:\/\/carpeomnia.co\/en\/wp-json\/wp\/v2\/pages\/1429\/revisions\/1432"}],"wp:attachment":[{"href":"https:\/\/carpeomnia.co\/en\/wp-json\/wp\/v2\/media?parent=1429"}],"curies":[{"name":"wp","href":"https:\/\/api.w.org\/{rel}","templated":true}]}}