{"id":753,"date":"2024-07-11T17:24:09","date_gmt":"2024-07-11T17:24:09","guid":{"rendered":"https:\/\/carpeomnia.co\/?page_id=753"},"modified":"2026-03-30T22:45:21","modified_gmt":"2026-03-30T22:45:21","slug":"about","status":"publish","type":"page","link":"https:\/\/carpeomnia.co\/en\/about\/","title":{"rendered":"About Us"},"content":{"rendered":"<div data-elementor-type=\"wp-page\" data-elementor-id=\"753\" class=\"elementor elementor-753\" data-elementor-post-type=\"page\">\n\t\t\t\t\t\t<section class=\"elementor-section elementor-top-section elementor-element elementor-element-57e7e038 elementor-section-boxed elementor-section-height-default elementor-section-height-default wpr-particle-no wpr-jarallax-no wpr-parallax-no wpr-sticky-section-no\" data-id=\"57e7e038\" data-element_type=\"section\" data-e-type=\"section\" data-settings=\"{&quot;background_background&quot;:&quot;classic&quot;}\">\n\t\t\t\t\t\t\t<div class=\"elementor-background-overlay\"><\/div>\n\t\t\t\t\t\t\t<div class=\"elementor-container elementor-column-gap-default\">\n\t\t\t\t\t<div class=\"elementor-column elementor-col-100 elementor-top-column elementor-element elementor-element-6d70b0a6\" data-id=\"6d70b0a6\" data-element_type=\"column\" data-e-type=\"column\">\n\t\t\t<div class=\"elementor-widget-wrap elementor-element-populated\">\n\t\t\t\t\t<div class=\"elementor-background-overlay\"><\/div>\n\t\t\t\t\t\t<section class=\"elementor-section elementor-inner-section elementor-element elementor-element-2e81ff00 elementor-section-boxed elementor-section-height-default elementor-section-height-default wpr-particle-no wpr-jarallax-no wpr-parallax-no wpr-sticky-section-no\" data-id=\"2e81ff00\" data-element_type=\"section\" data-e-type=\"section\">\n\t\t\t\t\t\t<div class=\"elementor-container elementor-column-gap-default\">\n\t\t\t\t\t<div class=\"elementor-column elementor-col-100 elementor-inner-column elementor-element elementor-element-36ac0f3b\" data-id=\"36ac0f3b\" data-element_type=\"column\" data-e-type=\"column\">\n\t\t\t<div class=\"elementor-widget-wrap elementor-element-populated\">\n\t\t\t\t\t\t<div class=\"elementor-element elementor-element-13ef9c1f elementor-widget elementor-widget-heading\" data-id=\"13ef9c1f\" data-element_type=\"widget\" data-e-type=\"widget\" data-widget_type=\"heading.default\">\n\t\t\t\t<div class=\"elementor-widget-container\">\n\t\t\t\t\t<h1 class=\"elementor-heading-title elementor-size-default\">About Us<\/h1>\t\t\t\t<\/div>\n\t\t\t\t<\/div>\n\t\t\t\t<div class=\"elementor-element elementor-element-289731de elementor-widget elementor-widget-heading\" data-id=\"289731de\" data-element_type=\"widget\" data-e-type=\"widget\" data-widget_type=\"heading.default\">\n\t\t\t\t<div class=\"elementor-widget-container\">\n\t\t\t\t\t<h4 class=\"elementor-heading-title elementor-size-default\">Learn about our history, mission, and values.<\/h4>\t\t\t\t<\/div>\n\t\t\t\t<\/div>\n\t\t\t\t\t<\/div>\n\t\t<\/div>\n\t\t\t\t\t<\/div>\n\t\t<\/section>\n\t\t\t\t\t<\/div>\n\t\t<\/div>\n\t\t\t\t\t<\/div>\n\t\t<\/section>\n\t\t\t\t<section class=\"elementor-section elementor-top-section elementor-element elementor-element-1b81ce69 elementor-section-boxed elementor-section-height-default elementor-section-height-default wpr-particle-no wpr-jarallax-no wpr-parallax-no wpr-sticky-section-no\" data-id=\"1b81ce69\" data-element_type=\"section\" data-e-type=\"section\">\n\t\t\t\t\t\t<div class=\"elementor-container elementor-column-gap-default\">\n\t\t\t\t\t<div class=\"elementor-column elementor-col-50 elementor-top-column elementor-element elementor-element-3be2af43\" data-id=\"3be2af43\" data-element_type=\"column\" data-e-type=\"column\">\n\t\t\t<div class=\"elementor-widget-wrap elementor-element-populated\">\n\t\t\t\t\t\t<div class=\"elementor-element elementor-element-589f0ec4 elementor-widget elementor-widget-heading\" data-id=\"589f0ec4\" data-element_type=\"widget\" data-e-type=\"widget\" data-widget_type=\"heading.default\">\n\t\t\t\t<div class=\"elementor-widget-container\">\n\t\t\t\t\t<h6 class=\"elementor-heading-title elementor-size-default\">Our Mission<\/h6>\t\t\t\t<\/div>\n\t\t\t\t<\/div>\n\t\t\t\t<div class=\"elementor-element elementor-element-35d20a18 elementor-widget__width-initial elementor-widget elementor-widget-text-editor\" data-id=\"35d20a18\" data-element_type=\"widget\" data-e-type=\"widget\" data-widget_type=\"text-editor.default\">\n\t\t\t\t<div class=\"elementor-widget-container\">\n\t\t\t\t\t\t\t\t\t<p><span style=\"font-weight: 400;\">&nbsp;<\/span><\/p>\n<p><span style=\"font-weight: 400;\">You may have heard the expression \"<\/span><i><span style=\"font-weight: 400;\">carpe diem\u201d <\/span><\/i><span style=\"font-weight: 400;\">\u2013 enjoy the day.&nbsp;<\/span><\/p>\n<p><b style=\"font-style: italic;\">Carpe Omnia<\/b> In Latin, it means \u201cseize every opportunity\u201d.&nbsp;<\/p>\n<p><i><b>This phrase is not just our company name; it is a philosophy, a call to action for those who are ready to embrace everything that life and career have to offer.&nbsp;<\/b><\/i><\/p>\n<p><i><b>It means seizing opportunities and embracing life's moments to the fullest and<span style=\"font-family: var( --e-global-typography-b2ce6af-font-family ), Sans-serif; letter-spacing: var( --e-global-typography-b2ce6af-letter-spacing ); text-transform: var( --e-global-typography-b2ce6af-text-transform ); word-spacing: var( --e-global-typography-b2ce6af-word-spacing );\">&nbsp;make the most of every situation and every learning opportunity that arises with all your ability and dedication.<\/span><span style=\"font-family: var( --e-global-typography-b2ce6af-font-family ), Sans-serif; letter-spacing: var( --e-global-typography-b2ce6af-letter-spacing ); text-transform: var( --e-global-typography-b2ce6af-text-transform ); word-spacing: var( --e-global-typography-b2ce6af-word-spacing );\">&nbsp;<\/span><\/b><\/i><\/p>\n<p><i><b>Whether you are navigating a career transition, seeking a new position, promotion, or work-life balance in pursuit of fulfillment, we are here to offer the support, guidance, and strategies you need.<\/b><\/i><\/p>\n<p><i><b>This is your opportunity to embark on this journey,&nbsp;<span style=\"font-family: var( --e-global-typography-b2ce6af-font-family ), Sans-serif;\"><span style=\"letter-spacing: var( --e-global-typography-b2ce6af-letter-spacing ); text-transform: var( --e-global-typography-b2ce6af-text-transform ); word-spacing: var( --e-global-typography-b2ce6af-word-spacing );\">develop a mindset of seeking self-improvement and expanding your potential to find a path where you can feel happier.<\/span><\/span><\/b><\/i><\/p>\t\t\t\t\t\t\t\t<\/div>\n\t\t\t\t<\/div>\n\t\t\t\t\t<\/div>\n\t\t<\/div>\n\t\t\t\t<div class=\"elementor-column elementor-col-50 elementor-top-column elementor-element elementor-element-12fcc237\" data-id=\"12fcc237\" data-element_type=\"column\" data-e-type=\"column\">\n\t\t\t<div class=\"elementor-widget-wrap elementor-element-populated\">\n\t\t\t\t\t\t<div class=\"elementor-element elementor-element-361dfdee elementor-widget__width-initial elementor-widget elementor-widget-image\" data-id=\"361dfdee\" data-element_type=\"widget\" data-e-type=\"widget\" data-widget_type=\"image.default\">\n\t\t\t\t<div class=\"elementor-widget-container\">\n\t\t\t\t\t\t\t\t\t\t\t\t\t\t\t<img fetchpriority=\"high\" decoding=\"async\" width=\"759\" height=\"1024\" src=\"https:\/\/carpeomnia.co\/wp-content\/uploads\/2024\/08\/Carpe-omnia-e1724365717466-759x1024.png\" class=\"attachment-large size-large wp-image-1030\" alt=\"\" srcset=\"https:\/\/carpeomnia.co\/wp-content\/uploads\/2024\/08\/Carpe-omnia-e1724365717466-759x1024.png 759w, https:\/\/carpeomnia.co\/wp-content\/uploads\/2024\/08\/Carpe-omnia-e1724365717466-222x300.png 222w, https:\/\/carpeomnia.co\/wp-content\/uploads\/2024\/08\/Carpe-omnia-e1724365717466-768x1037.png 768w, https:\/\/carpeomnia.co\/wp-content\/uploads\/2024\/08\/Carpe-omnia-e1724365717466-1138x1536.png 1138w, https:\/\/carpeomnia.co\/wp-content\/uploads\/2024\/08\/Carpe-omnia-e1724365717466-1517x2048.png 1517w, https:\/\/carpeomnia.co\/wp-content\/uploads\/2024\/08\/Carpe-omnia-e1724365717466.png 800w\" sizes=\"(max-width: 759px) 100vw, 759px\" \/>\t\t\t\t\t\t\t\t\t\t\t\t\t\t\t<\/div>\n\t\t\t\t<\/div>\n\t\t\t\t\t<\/div>\n\t\t<\/div>\n\t\t\t\t\t<\/div>\n\t\t<\/section>\n\t\t\t\t<section class=\"elementor-section elementor-top-section elementor-element elementor-element-37fc558 elementor-reverse-mobile elementor-section-boxed elementor-section-height-default elementor-section-height-default wpr-particle-no wpr-jarallax-no wpr-parallax-no wpr-sticky-section-no\" data-id=\"37fc558\" data-element_type=\"section\" data-e-type=\"section\">\n\t\t\t\t\t\t<div class=\"elementor-container elementor-column-gap-default\">\n\t\t\t\t\t<div class=\"elementor-column elementor-col-50 elementor-top-column elementor-element elementor-element-bcc2689\" data-id=\"bcc2689\" data-element_type=\"column\" data-e-type=\"column\">\n\t\t\t<div class=\"elementor-widget-wrap elementor-element-populated\">\n\t\t\t\t\t\t<div class=\"elementor-element elementor-element-98f9c82 elementor-cta--skin-cover elementor-cta--valign-middle elementor-widget__width-initial elementor-absolute elementor-widget elementor-widget-call-to-action\" data-id=\"98f9c82\" data-element_type=\"widget\" data-e-type=\"widget\" data-settings=\"{&quot;_position&quot;:&quot;absolute&quot;}\" data-widget_type=\"call-to-action.default\">\n\t\t\t\t<div class=\"elementor-widget-container\">\n\t\t\t\t\t\t\t<div class=\"elementor-cta\">\n\t\t\t\t\t<div class=\"elementor-cta__bg-wrapper\">\n\t\t\t\t<div class=\"elementor-cta__bg elementor-bg\" style=\"background-image: url();\" role=\"img\" aria-label=\"\"><\/div>\n\t\t\t\t<div class=\"elementor-cta__bg-overlay\"><\/div>\n\t\t\t<\/div>\n\t\t\t\t\t\t\t<div class=\"elementor-cta__content\">\n\t\t\t\t\n\t\t\t\t\t\t\t\t\t<div class=\"elementor-cta__title elementor-cta__content-item elementor-content-item\">\n\t\t\t\t\t\t25+\t\t\t\t\t<\/div>\n\t\t\t\t\n\t\t\t\t\t\t\t\t\t<div class=\"elementor-cta__description elementor-cta__content-item elementor-content-item\">\n\t\t\t\t\t\tYears of experience\t\t\t\t\t<\/div>\n\t\t\t\t\n\t\t\t\t\t\t\t<\/div>\n\t\t\t\t\t\t<\/div>\n\t\t\t\t\t\t<\/div>\n\t\t\t\t<\/div>\n\t\t\t\t<div class=\"elementor-element elementor-element-67f4a48 elementor-widget elementor-widget-image\" data-id=\"67f4a48\" data-element_type=\"widget\" data-e-type=\"widget\" data-widget_type=\"image.default\">\n\t\t\t\t<div class=\"elementor-widget-container\">\n\t\t\t\t\t\t\t\t\t\t\t\t\t\t\t<img decoding=\"async\" width=\"767\" height=\"1080\" src=\"https:\/\/carpeomnia.co\/wp-content\/uploads\/2024\/08\/Christian_Timotti.jpg\" class=\"attachment-full size-full wp-image-1169\" alt=\"\" srcset=\"https:\/\/carpeomnia.co\/wp-content\/uploads\/2024\/08\/Christian_Timotti.jpg 767w, https:\/\/carpeomnia.co\/wp-content\/uploads\/2024\/08\/Christian_Timotti-213x300.jpg 213w, https:\/\/carpeomnia.co\/wp-content\/uploads\/2024\/08\/Christian_Timotti-727x1024.jpg 727w, https:\/\/carpeomnia.co\/wp-content\/uploads\/2024\/08\/Christian_Timotti-768x1081.jpg 768w, https:\/\/carpeomnia.co\/wp-content\/uploads\/2024\/08\/Christian_Timotti-1091x1536.jpg 1091w\" sizes=\"(max-width: 767px) 100vw, 767px\" \/>\t\t\t\t\t\t\t\t\t\t\t\t\t\t\t<\/div>\n\t\t\t\t<\/div>\n\t\t\t\t<div class=\"elementor-element elementor-element-4a0f951 elementor-widget elementor-widget-text-editor\" data-id=\"4a0f951\" data-element_type=\"widget\" data-e-type=\"widget\" data-widget_type=\"text-editor.default\">\n\t\t\t\t<div class=\"elementor-widget-container\">\n\t\t\t\t\t\t\t\t\t<p>Christian Timotti \u2013 Career Coach<\/p>\t\t\t\t\t\t\t\t<\/div>\n\t\t\t\t<\/div>\n\t\t\t\t\t<\/div>\n\t\t<\/div>\n\t\t\t\t<div class=\"elementor-column elementor-col-50 elementor-top-column elementor-element elementor-element-81aaaef\" data-id=\"81aaaef\" data-element_type=\"column\" data-e-type=\"column\">\n\t\t\t<div class=\"elementor-widget-wrap elementor-element-populated\">\n\t\t\t\t\t\t<div class=\"elementor-element elementor-element-1548377 elementor-widget elementor-widget-heading\" data-id=\"1548377\" data-element_type=\"widget\" data-e-type=\"widget\" data-widget_type=\"heading.default\">\n\t\t\t\t<div class=\"elementor-widget-container\">\n\t\t\t\t\t<h6 class=\"elementor-heading-title elementor-size-default\">About me<\/h6>\t\t\t\t<\/div>\n\t\t\t\t<\/div>\n\t\t\t\t<div class=\"elementor-element elementor-element-44991d9 elementor-widget__width-initial elementor-widget elementor-widget-text-editor\" data-id=\"44991d9\" data-element_type=\"widget\" data-e-type=\"widget\" data-widget_type=\"text-editor.default\">\n\t\t\t\t<div class=\"elementor-widget-container\">\n\t\t\t\t\t\t\t\t\t<p style=\"font-size: 17px; text-align: left;\">For over 25 years, I have had the privilege of working with professionals on several continents\u2014Latin America, North America, Europe, and Asia\u2014developing high-performance teams and empowering individuals to realize their potential.\u00a0<\/p><p style=\"font-size: 17px; text-align: left;\">Along this journey, between corporate meetings, planning and executing operations, improving processes and customer experience, and cost efficiency, one truth has always remained constant: the power of people.<\/p><p style=\"font-size: 17px; text-align: left;\"><i>At Carpe Omnia, our mission is to channel this power, helping you seize every opportunity, overcome every challenge, and reach the next level in your personal and\/or professional life.\u00a0<\/i><\/p><p style=\"font-size: 17px;\">I have seen firsthand how individuals, when given the right tools and support, can exceed even their own expectations.<\/p><p style=\"font-size: 17px;\">This belief is the foundation of Carpe Omnia.<\/p><p style=\"font-size: 17px;\"><b>We are committed to creating a space where your ambitions are met with encouragement, your questions with understanding and support, and your goals with concrete action plans.<\/b><\/p><p style=\"font-size: 17px;\"><b>\u00a0<\/b><\/p><p style=\"font-size: 17px;\">\u00a0<\/p>\t\t\t\t\t\t\t\t<\/div>\n\t\t\t\t<\/div>\n\t\t\t\t<div class=\"elementor-element elementor-element-cd01062 elementor-view-stacked elementor-shape-square elementor-position-inline-start elementor-mobile-position-inline-start elementor-widget__width-initial elementor-widget elementor-widget-icon-box\" data-id=\"cd01062\" data-element_type=\"widget\" data-e-type=\"widget\" data-widget_type=\"icon-box.default\">\n\t\t\t\t<div class=\"elementor-widget-container\">\n\t\t\t\t\t\t\t<div class=\"elementor-icon-box-wrapper\">\n\n\t\t\t\t\t\t<div class=\"elementor-icon-box-icon\">\n\t\t\t\t<span  class=\"elementor-icon\">\n\t\t\t\t<svg aria-hidden=\"true\" class=\"e-font-icon-svg e-fas-award\" viewbox=\"0 0 384 512\" xmlns=\"http:\/\/www.w3.org\/2000\/svg\"><path d=\"M97.12 362.63c-8.69-8.69-4.16-6.24-25.12-11.85-9.51-2.55-17.87-7.45-25.43-13.32L1.2 448.7c-4.39 10.77 3.81 22.47 15.43 22.03l52.69-2.01L105.56 507c8 8.44 22.04 5.81 26.43-4.96l52.05-127.62c-10.84 6.04-22.87 9.58-35.31 9.58-19.5 0-37.82-7.59-51.61-21.37zM382.8 448.7l-45.37-111.24c-7.56 5.88-15.92 10.77-25.43 13.32-21.07 5.64-16.45 3.18-25.12 11.85-13.79 13.78-32.12 21.37-51.62 21.37-12.44 0-24.47-3.55-35.31-9.58L252 502.04c4.39 10.77 18.44 13.4 26.43 4.96l36.25-38.28 52.69 2.01c11.62.44 19.82-11.27 15.43-22.03zM263 340c15.28-15.55 17.03-14.21 38.79-20.14 13.89-3.79 24.75-14.84 28.47-28.98 7.48-28.4 5.54-24.97 25.95-45.75 10.17-10.35 14.14-25.44 10.42-39.58-7.47-28.38-7.48-24.42 0-52.83 3.72-14.14-.25-29.23-10.42-39.58-20.41-20.78-18.47-17.36-25.95-45.75-3.72-14.14-14.58-25.19-28.47-28.98-27.88-7.61-24.52-5.62-44.95-26.41-10.17-10.35-25-14.4-38.89-10.61-27.87 7.6-23.98 7.61-51.9 0-13.89-3.79-28.72.25-38.89 10.61-20.41 20.78-17.05 18.8-44.94 26.41-13.89 3.79-24.75 14.84-28.47 28.98-7.47 28.39-5.54 24.97-25.95 45.75-10.17 10.35-14.15 25.44-10.42 39.58 7.47 28.36 7.48 24.4 0 52.82-3.72 14.14.25 29.23 10.42 39.59 20.41 20.78 18.47 17.35 25.95 45.75 3.72 14.14 14.58 25.19 28.47 28.98C104.6 325.96 106.27 325 121 340c13.23 13.47 33.84 15.88 49.74 5.82a39.676 39.676 0 0 1 42.53 0c15.89 10.06 36.5 7.65 49.73-5.82zM97.66 175.96c0-53.03 42.24-96.02 94.34-96.02s94.34 42.99 94.34 96.02-42.24 96.02-94.34 96.02-94.34-42.99-94.34-96.02z\"><\/path><\/svg>\t\t\t\t<\/span>\n\t\t\t<\/div>\n\t\t\t\n\t\t\t\t\t\t<div class=\"elementor-icon-box-content\">\n\n\t\t\t\t\t\t\t\t\t<div class=\"elementor-icon-box-title\">\n\t\t\t\t\t\t<span  >\n\t\t\t\t\t\t\tProven Experience\t\t\t\t\t\t<\/span>\n\t\t\t\t\t<\/div>\n\t\t\t\t\n\t\t\t\t\t\t\t\t\t<p class=\"elementor-icon-box-description\">\n\t\t\t\t\t\tYears of experience in leadership positions at large multinational companies in the United States, Europe, Asia, and Latin America, developing high-performance teams.<br>\t\t\t\t\t<\/p>\n\t\t\t\t\n\t\t\t<\/div>\n\t\t\t\n\t\t<\/div>\n\t\t\t\t\t\t<\/div>\n\t\t\t\t<\/div>\n\t\t\t\t<div class=\"elementor-element elementor-element-77e275f elementor-view-stacked elementor-shape-square elementor-position-inline-start elementor-mobile-position-inline-start elementor-widget__width-initial elementor-widget elementor-widget-icon-box\" data-id=\"77e275f\" data-element_type=\"widget\" data-e-type=\"widget\" data-widget_type=\"icon-box.default\">\n\t\t\t\t<div class=\"elementor-widget-container\">\n\t\t\t\t\t\t\t<div class=\"elementor-icon-box-wrapper\">\n\n\t\t\t\t\t\t<div class=\"elementor-icon-box-icon\">\n\t\t\t\t<span  class=\"elementor-icon\">\n\t\t\t\t<svg aria-hidden=\"true\" class=\"e-font-icon-svg e-fas-hands-helping\" viewbox=\"0 0 640 512\" xmlns=\"http:\/\/www.w3.org\/2000\/svg\"><path d=\"M488 192H336v56c0 39.7-32.3 72-72 72s-72-32.3-72-72V126.4l-64.9 39C107.8 176.9 96 197.8 96 220.2v47.3l-80 46.2C.7 322.5-4.6 342.1 4.3 357.4l80 138.6c8.8 15.3 28.4 20.5 43.7 11.7L231.4 448H368c35.3 0 64-28.7 64-64h16c17.7 0 32-14.3 32-32v-64h8c13.3 0 24-10.7 24-24v-48c0-13.3-10.7-24-24-24zm147.7-37.4L555.7 16C546.9.7 527.3-4.5 512 4.3L408.6 64H306.4c-12 0-23.7 3.4-33.9 9.7L239 94.6c-9.4 5.8-15 16.1-15 27.1V248c0 22.1 17.9 40 40 40s40-17.9 40-40v-88h184c30.9 0 56 25.1 56 56v28.5l80-46.2c15.3-8.9 20.5-28.4 11.7-43.7z\"><\/path><\/svg>\t\t\t\t<\/span>\n\t\t\t<\/div>\n\t\t\t\n\t\t\t\t\t\t<div class=\"elementor-icon-box-content\">\n\n\t\t\t\t\t\t\t\t\t<div class=\"elementor-icon-box-title\">\n\t\t\t\t\t\t<span  >\n\t\t\t\t\t\t\tPersonalized Approach\t\t\t\t\t\t<\/span>\n\t\t\t\t\t<\/div>\n\t\t\t\t\n\t\t\t\t\t\t\t\t\t<p class=\"elementor-icon-box-description\">\n\t\t\t\t\t\tSolutions tailored to your needs and goals.<br><br>\t\t\t\t\t<\/p>\n\t\t\t\t\n\t\t\t<\/div>\n\t\t\t\n\t\t<\/div>\n\t\t\t\t\t\t<\/div>\n\t\t\t\t<\/div>\n\t\t\t\t<div class=\"elementor-element elementor-element-d635fcd elementor-view-stacked elementor-shape-square elementor-position-inline-start elementor-mobile-position-inline-start elementor-widget__width-initial elementor-widget elementor-widget-icon-box\" data-id=\"d635fcd\" data-element_type=\"widget\" data-e-type=\"widget\" data-widget_type=\"icon-box.default\">\n\t\t\t\t<div class=\"elementor-widget-container\">\n\t\t\t\t\t\t\t<div class=\"elementor-icon-box-wrapper\">\n\n\t\t\t\t\t\t<div class=\"elementor-icon-box-icon\">\n\t\t\t\t<span  class=\"elementor-icon\">\n\t\t\t\t<i aria-hidden=\"true\" class=\"lnr lnr-rocket\"><\/i>\t\t\t\t<\/span>\n\t\t\t<\/div>\n\t\t\t\n\t\t\t\t\t\t<div class=\"elementor-icon-box-content\">\n\n\t\t\t\t\t\t\t\t\t<div class=\"elementor-icon-box-title\">\n\t\t\t\t\t\t<span  >\n\t\t\t\t\t\t\tActual Results\t\t\t\t\t\t<\/span>\n\t\t\t\t\t<\/div>\n\t\t\t\t\n\t\t\t\t\t\t\t\t\t<p class=\"elementor-icon-box-description\">\n\t\t\t\t\t\tTestimonials from satisfied customers who have achieved promotions, new opportunities, and personal and professional growth.\t\t\t\t\t<\/p>\n\t\t\t\t\n\t\t\t<\/div>\n\t\t\t\n\t\t<\/div>\n\t\t\t\t\t\t<\/div>\n\t\t\t\t<\/div>\n\t\t\t\t\t<\/div>\n\t\t<\/div>\n\t\t\t\t\t<\/div>\n\t\t<\/section>\n\t\t\t\t<section class=\"elementor-section elementor-top-section elementor-element elementor-element-5706526 elementor-section-boxed elementor-section-height-default elementor-section-height-default wpr-particle-no wpr-jarallax-no wpr-parallax-no wpr-sticky-section-no\" data-id=\"5706526\" data-element_type=\"section\" data-e-type=\"section\" data-settings=\"{&quot;background_background&quot;:&quot;classic&quot;}\">\n\t\t\t\t\t\t\t<div class=\"elementor-background-overlay\"><\/div>\n\t\t\t\t\t\t\t<div class=\"elementor-container elementor-column-gap-default\">\n\t\t\t\t\t<div class=\"elementor-column elementor-col-100 elementor-top-column elementor-element elementor-element-6e541b2\" data-id=\"6e541b2\" data-element_type=\"column\" data-e-type=\"column\" data-settings=\"{&quot;background_background&quot;:&quot;classic&quot;}\">\n\t\t\t<div class=\"elementor-widget-wrap elementor-element-populated\">\n\t\t\t\t\t<div class=\"elementor-background-overlay\"><\/div>\n\t\t\t\t\t\t<div class=\"elementor-element elementor-element-7b28248 elementor-widget__width-initial elementor-widget elementor-widget-heading\" data-id=\"7b28248\" data-element_type=\"widget\" data-e-type=\"widget\" data-widget_type=\"heading.default\">\n\t\t\t\t<div class=\"elementor-widget-container\">\n\t\t\t\t\t<h3 class=\"elementor-heading-title elementor-size-default\">All the support you need to grow!<\/h3>\t\t\t\t<\/div>\n\t\t\t\t<\/div>\n\t\t\t\t<div class=\"elementor-element elementor-element-9d86f31 elementor-widget elementor-widget-text-editor\" data-id=\"9d86f31\" data-element_type=\"widget\" data-e-type=\"widget\" data-widget_type=\"text-editor.default\">\n\t\t\t\t<div class=\"elementor-widget-container\">\n\t\t\t\t\t\t\t\t\t<p>With customized solutions and expert support, \u00a0<\/p><p>Get ready to reach new heights of professional success.<\/p>\t\t\t\t\t\t\t\t<\/div>\n\t\t\t\t<\/div>\n\t\t\t\t<div class=\"elementor-element elementor-element-b54cf4a elementor-align-center elementor-widget elementor-widget-button\" data-id=\"b54cf4a\" data-element_type=\"widget\" data-e-type=\"widget\" data-widget_type=\"button.default\">\n\t\t\t\t<div class=\"elementor-widget-container\">\n\t\t\t\t\t\t\t\t\t<div class=\"elementor-button-wrapper\">\n\t\t\t\t\t<a class=\"elementor-button elementor-button-link elementor-size-sm\" href=\"https:\/\/calendly.com\/carpeomniacoaching\/initial-session\" target=\"_blank\">\n\t\t\t\t\t\t<span class=\"elementor-button-content-wrapper\">\n\t\t\t\t\t\t\t\t\t<span class=\"elementor-button-text\">Get started now<\/span>\n\t\t\t\t\t<\/span>\n\t\t\t\t\t<\/a>\n\t\t\t\t<\/div>\n\t\t\t\t\t\t\t\t<\/div>\n\t\t\t\t<\/div>\n\t\t\t\t\t<\/div>\n\t\t<\/div>\n\t\t\t\t\t<\/div>\n\t\t<\/section>\n\t\t\t\t<\/div>","protected":false},"excerpt":{"rendered":"<p>Conhe\u00e7a nossa hist\u00f3ria, miss\u00e3o e valores. Nossa Miss\u00e3o &nbsp; Voc\u00ea j\u00e1 deve ter ouvido falar na express\u00e3o \u201ccarpe diem\u201d \u2013 aproveite o dia.&nbsp; Carpe Omnia em latim significa \u201caproveite tudo o que for poss\u00edvel &nbsp;em &nbsp;cada oportunidade\u201d.&nbsp; Esta frase n\u00e3o \u00e9 apenas o nome da nossa empresa; \u00e9 uma filosofia, um chamado \u00e0 a\u00e7\u00e3o para quem est\u00e1 pronto para abra\u00e7ar tudo o que a vida e a carreira t\u00eam a oferecer.&nbsp; Significa aproveitar as oportunidades e abra\u00e7ar ao m\u00e1ximo os momentos da vida e&nbsp;aproveitar o melhor em cada situa\u00e7\u00e3o e cada oportunidade de aprendizado que surge com toda a sua capacidade e&nbsp;dedica\u00e7\u00e3o.&nbsp; Seja navegando por uma transi\u00e7\u00e3o de carreira, buscando&nbsp;uma nova posi\u00e7\u00e3o, &nbsp;promo\u00e7\u00e3o ou equil\u00edbrio entre vida pessoal e trabalho em busca de realiza\u00e7\u00e3o, estamos aqui para oferecer o apoio, a orienta\u00e7\u00e3o e as estrat\u00e9gias que voc\u00ea precisa. \u00c9 a sua oportunidade de embarcar nessa jornada,&nbsp;desenvolver uma mentalidade de busca por autodesenvolvimento e expans\u00e3o de seu potencial para um caminho onde voc\u00ea possa se sentir mais feliz. 25+ Anos de experi\u00eancia Christian Timotti &#8211; Coach de Carreira Sobre mim Ao longo de mais de 25 anos, tive o privil\u00e9gio de trabalhar com profissionais em diversos continentes\u2014Am\u00e9rica Latina, Am\u00e9rica do Norte, Europa e \u00c1sia\u2014desenvolvendo equipes de alta performance e capacitando indiv\u00edduos a realizarem seu potencial.\u00a0 Nesta trajet\u00f3ria, \u00a0entre reuni\u00f5es corporativas, planejamento e execu\u00e7\u00e3o de opera\u00e7\u00f5es , melhoria de processos e experi\u00eancia de clientes e efici\u00eancia de custos, \u00a0uma verdade sempre se manteve constante: o poder das pessoas. Na Carpe Omnia, nossa miss\u00e3o \u00e9 canalizar esse poder, ajudando voc\u00ea a aproveitar cada oportunidade, superar cada desafio e alcan\u00e7ar o pr\u00f3ximo n\u00edvel na sua vida pessoal e\/ou profissional.\u00a0 Vivenciei de perto como os indiv\u00edduos, quando recebem as ferramentas e o suporte certos, podem superar at\u00e9 mesmo suas pr\u00f3prias expectativas. Essa cren\u00e7a \u00e9 o alicerce da Carpe Omnia. Estamos comprometidos em criar um espa\u00e7o onde suas ambi\u00e7\u00f5es sejam recebidas com incentivo, suas d\u00favidas com compreens\u00e3o e apoio, e seus objetivos com planos de a\u00e7\u00e3o concretos. \u00a0 \u00a0 Experi\u00eancia Comprovada Anos de experi\u00eancia em cargos de lideran\u00e7a em grandes empresas multinacionais no Estados Unidos. Europa, Asia e Am\u00e9rica Latina desenvolvendo equipes de alta performance. Abordagem Personalizada Solu\u00e7\u00f5es feitas sob medida para suas necessidades e objetivos. Resultados Reais Depoimentos de clientes satisfeitos que alcan\u00e7aram promo\u00e7\u00f5es, novas oportunidades e crescimento pessoal e profissional. Todo o suporte para o seu crescimento! Com solu\u00e7\u00f5es personalizadas e suporte especializado, \u00a0 prepare-se para alcan\u00e7ar novos patamares de sucesso profissional. Comece agora<\/p>","protected":false},"author":1,"featured_media":0,"parent":0,"menu_order":0,"comment_status":"closed","ping_status":"closed","template":"","meta":{"footnotes":""},"class_list":["post-753","page","type-page","status-publish","hentry"],"_links":{"self":[{"href":"https:\/\/carpeomnia.co\/en\/wp-json\/wp\/v2\/pages\/753","targetHints":{"allow":["GET"]}}],"collection":[{"href":"https:\/\/carpeomnia.co\/en\/wp-json\/wp\/v2\/pages"}],"about":[{"href":"https:\/\/carpeomnia.co\/en\/wp-json\/wp\/v2\/types\/page"}],"author":[{"embeddable":true,"href":"https:\/\/carpeomnia.co\/en\/wp-json\/wp\/v2\/users\/1"}],"replies":[{"embeddable":true,"href":"https:\/\/carpeomnia.co\/en\/wp-json\/wp\/v2\/comments?post=753"}],"version-history":[{"count":119,"href":"https:\/\/carpeomnia.co\/en\/wp-json\/wp\/v2\/pages\/753\/revisions"}],"predecessor-version":[{"id":1857,"href":"https:\/\/carpeomnia.co\/en\/wp-json\/wp\/v2\/pages\/753\/revisions\/1857"}],"wp:attachment":[{"href":"https:\/\/carpeomnia.co\/en\/wp-json\/wp\/v2\/media?parent=753"}],"curies":[{"name":"wp","href":"https:\/\/api.w.org\/{rel}","templated":true}]}}